{"id":3494,"date":"2016-04-27T12:27:22","date_gmt":"2016-04-27T10:27:22","guid":{"rendered":"https:\/\/kobika.es\/politica-de-cookies\/"},"modified":"2017-08-29T09:52:57","modified_gmt":"2017-08-29T07:52:57","slug":"cookies-policy","status":"publish","type":"page","link":"https:\/\/www.kobika.es\/en\/cookies-policy\/","title":{"rendered":"Cookies policy"},"content":{"rendered":"<p>[vc_row][vc_column][vc_column_text]<\/p>\n<p style=\"padding-left: 30px; font-size: 13px;\"><em>Language: espa\u00f1ol.<\/em><\/p>\n<p>[\/vc_column_text][\/vc_column][\/vc_row][vc_row margin_top=&#8221;-25&#8243;][vc_column][vc_column_text]<\/p>\n<p style=\"padding-left: 30px;\">Te informamos que para un correcto funcionamiento de la web www.kobika.es, el sistema de navegaci\u00f3n utiliza algunos datos de navegaci\u00f3n (cookies) para poder ofrecer un servicio m\u00e1s personalizado a los usuarios de la web. Las cookies son peque\u00f1os archivos de texto que el navegador guarda cuando se navega por p\u00e1ginas web y aplicaciones. Se puede obtener la informaci\u00f3n de la direcci\u00f3n IP que utiliza el ordenador para conectarse a la p\u00e1gina web, la direcci\u00f3n URL de la p\u00e1gina web solicitada, la hora de la conexi\u00f3n y otros par\u00e1metros relativos al sistema operativo del entorno inform\u00e1tico del usuario. Esta informaci\u00f3n tan solo se recoge para identificar la sesi\u00f3n con el objetivo de facilitar el an\u00e1lisis de la p\u00e1gina web.<\/p>\n<p style=\"padding-left: 30px;\">El Restaurante Kobika en su web utiliza cookies propias y de terceros.<\/p>\n<h3>Cookies propias<\/h3>\n<p style=\"padding-left: 30px;\">Son aquellas que se env\u00edan al equipo terminal del usuario desde un equipo o dominio gestionado por el titular de la p\u00e1gina web y desde la que se presta el servicio solicitado por el usuario. Y que a la vez son cookies de sesi\u00f3n dise\u00f1adas para recabar y almacenar datos mientras el usuario accede a una p\u00e1gina web. Estas cookies no quedan almacenadas en el ordenador del usuario cuando caduca la sesi\u00f3n o este cierra el navegador.<\/p>\n<p><span style=\"padding-left: 30px; font-size: 17px; font-weight: bold;\">Son las siguientes<\/span> (dentro del dominio kobika.es):<\/p>\n<ul style=\"padding-left: 60px;\">\n<li><strong>PHPSESSID:<\/strong> esta cookie es usada por el lenguaje de encriptado PHP para permitir que las variables de sesi\u00f3n sean guardadas en el servidor web. Esta cookie es esencial para el funcionamiento de la web (proveedor: WordPress \/ duraci\u00f3n: sesi\u00f3n).<\/li>\n<li><strong>_icl_current_language:<\/strong> indentifica el lenguaje del usuario (proveedor: WPML \/ duraci\u00f3n: 1 d\u00eda).<\/li>\n<li><strong>wcp_useroptions_id:<\/strong> permite activar\/desactivar la opci\u00f3n de usuario para los visitantes del sitio en la interfaz del sitio y establecer el tiempo de almacenamiento de los datos de opciones de usuario (proveedor: WCP OpenWeather \/ duraci\u00f3n: 1 semana).<\/li>\n<li><strong>wpml_referer_url:<\/strong> almacena la \u00faltima p\u00e1gina visitada, para poder hacer el cambio de idioma a la misma secci\u00f3n (proveedor: WPML \/ duraci\u00f3n: 1 d\u00eda).<\/li>\n<li><strong>wp-settings-1:<\/strong> informaci\u00f3n de la parte interna de la web (proveedor: WordPress \/ duraci\u00f3n: 1 a\u00f1o).<\/li>\n<li><strong>wp-settings-time-1:<\/strong> personaliza la interfaz de usuario (proveedor: WordPress \/ duraci\u00f3n: 1 a\u00f1o).<\/li>\n<\/ul>\n<h3>Cookies de terceros<\/h3>\n<p style=\"padding-left: 30px;\">Son aquellas que se env\u00edan al equipo terminal del usuario desde un equipo o dominio que no es gestionado por el titular de la p\u00e1gina web desde la que se presta el servicio solicitado por el usuario, sino por otra entidad que trata los datos obtenidos a trav\u00e9s de las cookies. Asimismo, en el caso de que las cookies sean instaladas desde un equipo o dominio gestionado por el propio titular del sitio web pero la informaci\u00f3n que se recoja mediante \u00e9stas sea gestionada por un tercero, tambi\u00e9n ser\u00e1n consideradas como cookies de terceros.<\/p>\n<p><span style=\"padding-left: 30px; font-size: 17px; font-weight: bold;\">Son las siguientes:<\/span><\/p>\n<p style=\"padding-left: 30px;\">a) <u>De Google Analytics:<\/u> que es un servicio de estad\u00edsticas de p\u00e1ginas web que ofrece Google, Inc. Google Analytics recoge informaci\u00f3n del equipo del usuario para obtener informes sobre la actividad de la aplicaci\u00f3n; guardando la informaci\u00f3n almacenada en servidores de los Estados Unidos. As\u00ed como tambi\u00e9n las cookies utilizadas con el objeto de recoger informaci\u00f3n para una b\u00fasqueda personalizada de Google en la web (Google CSE).<\/p>\n<p style=\"padding-left: 30px;\">Dentro del dominio kobika.es:<\/p>\n<ul style=\"padding-left: 60px;\">\n<li><strong>_ga, _gat:<\/strong> utilizadas para recoger estad\u00edsticas sobre las visitas al sitio. _ga ayuda a distinguir a los usuarios y _gat sirve para regular la frecuencia con la que se transmiten las peticiones a los servidores de Google (duraci\u00f3n _ga: 2 a\u00f1os; duraci\u00f3n _gat: 1 a\u00f1o).<\/li>\n<li><strong>__utma; __utmb; __utmc; __utmz: <\/strong> determina visitantes \u00fanicos; determina el establecimiento y la continuidad de una sesi\u00f3n de usuario; determina si establecer una nueva sesi\u00f3n de usuario; almacena la referencia usada por el usuario para visitar la web (duraci\u00f3n: 2 a\u00f1os; 30 min; session; 6 meses).<\/li>\n<\/ul>\n<p style=\"padding-left: 30px;\">En todo caso, en el supuesto que se capten datos de car\u00e1cter personal \u2014en este caso tan s\u00f3lo la IP de acceso\u2014 te informamos que estas ser\u00e1n tratadas e incorporadas en un fichero responsabilidad del Restaurante Kobika. Conforme lo dispuesto en los art\u00edculos 15 y 16 de la Ley Org\u00e1nica 15\/1999, de 13 de diciembre, de Protecci\u00f3n de Datos de Car\u00e1cter Personal, le informamos que puede ejercitar los derechos de acceso, rectificaci\u00f3n, cancelaci\u00f3n y oposici\u00f3n en: <span class=\"_Xbe\">San Ignacio Auzunea Etxetaldea 8<\/span>, 48200 Durango (Bizkaia).<\/p>\n<p style=\"padding-left: 30px;\">Informamos al usuario que Google podr\u00e1 transmitir esta informaci\u00f3n a terceros cuando as\u00ed lo requiera la ley, o cuando estos terceros procesen la informaci\u00f3n por cuenta de Google. Google no asociar\u00e1 la direcci\u00f3n de IP del usuario con otro dato de que dispongan, y por lo tanto lo har\u00e1n totalmente de forma anonimizada.<\/p>\n<p style=\"padding-left: 30px;\">Para rehusar o eliminar estas cookies <a href=\"https:\/\/www.google.com\/intl\/es\/policies\/privacy\/\" target=\"_blank\" rel=\"noopener noreferrer\">se pueden consultar en la siguiente direcci\u00f3n.<\/a><\/p>\n<p style=\"padding-left: 30px;\">b) <u>De Youtube:<\/u> que permiten reproducir v\u00eddeos a trav\u00e9s de la web y compartirlos a trav\u00e9s de esta plataforma, as\u00ed como recordar qu\u00e9 v\u00eddeos se han visto. <a href=\"http:\/\/www.google.es\/intl\/es\/policies\/technologies\/cookies\" target=\"_blank\" rel=\"noopener noreferrer\">Puede obtener m\u00e1s informaci\u00f3n en el siguiente enlace.<\/a><\/p>\n<h3>Desactivaci\u00f3n y bloqueo de las cookies<\/h3>\n<p style=\"padding-left: 30px;\">En cualquier caso, el usuario puede habilitar la opci\u00f3n de su propio sistema de navegaci\u00f3n para no permitir la instalaci\u00f3n de cookies; sin que en ning\u00fan caso el Restaurante Kobika pueda ser responsable de que la inhabilitaci\u00f3n de cookies comporte que algunos de los servicios que ofrece esta web no funcione correctamente.<\/p>\n<p style=\"padding-left: 30px;\">En los siguientes enlaces, podr\u00e1s encontrar instrucciones que te ayudar\u00e1n a configurar los ajustes de los principales navegadores m\u00e1s utilizados:<\/p>\n<ul style=\"padding-left: 60px;\">\n<li><strong>Internet Explorer:<\/strong> <a href=\"http:\/\/windows.microsoft.com\/es-es\/windows-vista\/block-or-allow-cookies\" target=\"_blank\" rel=\"noopener noreferrer\">c\u00f3mo configurar el navegador.<\/a><\/li>\n<li><strong>Google Chrome:<\/strong> <a href=\"https:\/\/support.google.com\/chrome\/answer\/95647?hl=es\" target=\"_blank\" rel=\"noopener noreferrer\">c\u00f3mo configurar el navegador.<\/a><\/li>\n<li><strong>Mozilla Firefox:<\/strong> <a href=\"https:\/\/support.mozilla.org\/t5\/Cookies-y-cach%C3%A9\/Habilitar-y-deshabilitar-cookies-que-los-sitios-web-utilizan\/ta-p\/13811\" target=\"_blank\" rel=\"noopener noreferrer\">c\u00f3mo configurar el navegador.<\/a><\/li>\n<li><strong>Safari:<\/strong> <a href=\"https:\/\/support.apple.com\/kb\/ph21411?locale=es_ES\" target=\"_blank\" rel=\"noopener noreferrer\">c\u00f3mo configurar el navegador.<\/a><\/li>\n<li><strong>Safari para iOS (iPhone, iPad):<\/strong> <a href=\"http:\/\/support.apple.com\/kb\/ht1677?viewlocale=es_es&amp;locale=es_es\" target=\"_blank\" rel=\"noopener noreferrer\">c\u00f3mo configurar el navegador.<\/a><\/li>\n<li><strong>Google Chrome para Android: :<\/strong> <a href=\"https:\/\/support.google.com\/chrome\/answer\/2392971?hl=es\" target=\"_blank\" rel=\"noopener noreferrer\">c\u00f3mo configurar el navegador.<\/a><\/li>\n<\/ul>\n<p style=\"padding-left: 30px;\">Si deseas m\u00e1s informaci\u00f3n sobre las cookies y su manera de deshabilitarlas seg\u00fan tu sistema de navegaci\u00f3n puedes consultar <a href=\"https:\/\/www.aboutcookies.org\/\" target=\"_blank\" rel=\"noopener noreferrer\">este link.<\/a><\/p>\n<p style=\"padding-left: 30px;\">En caso contrario, y habiendo informado el Restaurante Kobika del uso de cookies, y sin que estas hayan sido inhabilitadas implica que el usuario da su consentimiento al tratamiento de datos por Google en la forma prevista en este aviso y para las finalidades aqu\u00ed descritas.<\/p>\n<p style=\"padding-left: 30px;\">En caso de duda o de cualquier comentario, te puedes dirigir al Restaurante Kobika a trav\u00e9s de sus medios de atenci\u00f3n al p\u00fablico o bien comunicarte con nosotros a trav\u00e9s de: <strong>info@kobika.es<\/strong><\/p>\n<p>[\/vc_column_text][\/vc_column][\/vc_row]<\/p>\n","protected":false},"excerpt":{"rendered":"<p>[vc_row][vc_column][vc_column_text] Language: espa\u00f1ol. [\/vc_column_text][\/vc_column][\/vc_row][vc_row margin_top=&#8221;-25&#8243;][vc_column][vc_column_text] Te informamos que para un correcto funcionamiento de la web www.kobika.es, el sistema de navegaci\u00f3n utiliza algunos datos de navegaci\u00f3n (cookies) para poder ofrecer un servicio m\u00e1s personalizado a los usuarios de la web. Las cookies son peque\u00f1os archivos de texto que el navegador guarda cuando se navega por p\u00e1ginas [&hellip;]<\/p>\n","protected":false},"author":1,"featured_media":0,"parent":0,"menu_order":12,"comment_status":"closed","ping_status":"closed","template":"","meta":[],"yoast_head":"<!-- This site is optimized with the Yoast SEO plugin v18.2 - https:\/\/yoast.com\/wordpress\/plugins\/seo\/ -->\n<title>Pol\u00edtica de cookies | Restaurante Kobika<\/title>\n<meta name=\"description\" content=\"Este sitio web utiliza cookies. Las cookies son peque\u00f1os archivos de texto generados por las p\u00e1ginas web que visitas.\" \/>\n<meta name=\"robots\" content=\"index, follow, max-snippet:-1, max-image-preview:large, max-video-preview:-1\" \/>\n<link rel=\"canonical\" href=\"https:\/\/www.kobika.es\/en\/cookies-policy\/\" \/>\n<meta property=\"og:locale\" content=\"en_US\" \/>\n<meta property=\"og:type\" content=\"article\" \/>\n<meta property=\"og:title\" content=\"Pol\u00edtica de cookies | Restaurante Kobika\" \/>\n<meta property=\"og:description\" content=\"Este sitio web utiliza cookies. Las cookies son peque\u00f1os archivos de texto generados por las p\u00e1ginas web que visitas.\" \/>\n<meta property=\"og:url\" content=\"https:\/\/www.kobika.es\/en\/cookies-policy\/\" \/>\n<meta property=\"og:site_name\" content=\"Kobika Jatetxea\" \/>\n<meta property=\"article:modified_time\" content=\"2017-08-29T07:52:57+00:00\" \/>\n<meta name=\"twitter:card\" content=\"summary\" \/>\n<meta name=\"twitter:label1\" content=\"Est. reading time\" \/>\n\t<meta name=\"twitter:data1\" content=\"6 minutes\" \/>\n<script type=\"application\/ld+json\" class=\"yoast-schema-graph\">{\"@context\":\"https:\/\/schema.org\",\"@graph\":[{\"@type\":\"WebSite\",\"@id\":\"https:\/\/www.kobika.es\/#website\",\"url\":\"https:\/\/www.kobika.es\/\",\"name\":\"Kobika Jatetxea\",\"description\":\"Otro sitio realizado con WordPress\",\"potentialAction\":[{\"@type\":\"SearchAction\",\"target\":{\"@type\":\"EntryPoint\",\"urlTemplate\":\"https:\/\/www.kobika.es\/?s={search_term_string}\"},\"query-input\":\"required name=search_term_string\"}],\"inLanguage\":\"en-US\"},{\"@type\":\"WebPage\",\"@id\":\"https:\/\/www.kobika.es\/en\/cookies-policy\/#webpage\",\"url\":\"https:\/\/www.kobika.es\/en\/cookies-policy\/\",\"name\":\"Pol\u00edtica de cookies | Restaurante Kobika\",\"isPartOf\":{\"@id\":\"https:\/\/www.kobika.es\/#website\"},\"datePublished\":\"2016-04-27T10:27:22+00:00\",\"dateModified\":\"2017-08-29T07:52:57+00:00\",\"description\":\"Este sitio web utiliza cookies. Las cookies son peque\u00f1os archivos de texto generados por las p\u00e1ginas web que visitas.\",\"breadcrumb\":{\"@id\":\"https:\/\/www.kobika.es\/en\/cookies-policy\/#breadcrumb\"},\"inLanguage\":\"en-US\",\"potentialAction\":[{\"@type\":\"ReadAction\",\"target\":[\"https:\/\/www.kobika.es\/en\/cookies-policy\/\"]}]},{\"@type\":\"BreadcrumbList\",\"@id\":\"https:\/\/www.kobika.es\/en\/cookies-policy\/#breadcrumb\",\"itemListElement\":[{\"@type\":\"ListItem\",\"position\":1,\"name\":\"Portada\",\"item\":\"https:\/\/www.kobika.es\/en\/\"},{\"@type\":\"ListItem\",\"position\":2,\"name\":\"Cookies policy\"}]}]}<\/script>\n<!-- \/ Yoast SEO plugin. -->","yoast_head_json":{"title":"Pol\u00edtica de cookies | Restaurante Kobika","description":"Este sitio web utiliza cookies. Las cookies son peque\u00f1os archivos de texto generados por las p\u00e1ginas web que visitas.","robots":{"index":"index","follow":"follow","max-snippet":"max-snippet:-1","max-image-preview":"max-image-preview:large","max-video-preview":"max-video-preview:-1"},"canonical":"https:\/\/www.kobika.es\/en\/cookies-policy\/","og_locale":"en_US","og_type":"article","og_title":"Pol\u00edtica de cookies | Restaurante Kobika","og_description":"Este sitio web utiliza cookies. Las cookies son peque\u00f1os archivos de texto generados por las p\u00e1ginas web que visitas.","og_url":"https:\/\/www.kobika.es\/en\/cookies-policy\/","og_site_name":"Kobika Jatetxea","article_modified_time":"2017-08-29T07:52:57+00:00","twitter_card":"summary","twitter_misc":{"Est. reading time":"6 minutes"},"schema":{"@context":"https:\/\/schema.org","@graph":[{"@type":"WebSite","@id":"https:\/\/www.kobika.es\/#website","url":"https:\/\/www.kobika.es\/","name":"Kobika Jatetxea","description":"Otro sitio realizado con WordPress","potentialAction":[{"@type":"SearchAction","target":{"@type":"EntryPoint","urlTemplate":"https:\/\/www.kobika.es\/?s={search_term_string}"},"query-input":"required name=search_term_string"}],"inLanguage":"en-US"},{"@type":"WebPage","@id":"https:\/\/www.kobika.es\/en\/cookies-policy\/#webpage","url":"https:\/\/www.kobika.es\/en\/cookies-policy\/","name":"Pol\u00edtica de cookies | Restaurante Kobika","isPartOf":{"@id":"https:\/\/www.kobika.es\/#website"},"datePublished":"2016-04-27T10:27:22+00:00","dateModified":"2017-08-29T07:52:57+00:00","description":"Este sitio web utiliza cookies. Las cookies son peque\u00f1os archivos de texto generados por las p\u00e1ginas web que visitas.","breadcrumb":{"@id":"https:\/\/www.kobika.es\/en\/cookies-policy\/#breadcrumb"},"inLanguage":"en-US","potentialAction":[{"@type":"ReadAction","target":["https:\/\/www.kobika.es\/en\/cookies-policy\/"]}]},{"@type":"BreadcrumbList","@id":"https:\/\/www.kobika.es\/en\/cookies-policy\/#breadcrumb","itemListElement":[{"@type":"ListItem","position":1,"name":"Portada","item":"https:\/\/www.kobika.es\/en\/"},{"@type":"ListItem","position":2,"name":"Cookies policy"}]}]}},"_links":{"self":[{"href":"https:\/\/www.kobika.es\/en\/wp-json\/wp\/v2\/pages\/3494"}],"collection":[{"href":"https:\/\/www.kobika.es\/en\/wp-json\/wp\/v2\/pages"}],"about":[{"href":"https:\/\/www.kobika.es\/en\/wp-json\/wp\/v2\/types\/page"}],"author":[{"embeddable":true,"href":"https:\/\/www.kobika.es\/en\/wp-json\/wp\/v2\/users\/1"}],"replies":[{"embeddable":true,"href":"https:\/\/www.kobika.es\/en\/wp-json\/wp\/v2\/comments?post=3494"}],"version-history":[{"count":2,"href":"https:\/\/www.kobika.es\/en\/wp-json\/wp\/v2\/pages\/3494\/revisions"}],"predecessor-version":[{"id":3638,"href":"https:\/\/www.kobika.es\/en\/wp-json\/wp\/v2\/pages\/3494\/revisions\/3638"}],"wp:attachment":[{"href":"https:\/\/www.kobika.es\/en\/wp-json\/wp\/v2\/media?parent=3494"}],"curies":[{"name":"wp","href":"https:\/\/api.w.org\/{rel}","templated":true}]}}