{"id":3495,"date":"2016-04-28T15:10:36","date_gmt":"2016-04-28T13:10:36","guid":{"rendered":"https:\/\/kobika.es\/propiedad-intelectual-e-industrial\/"},"modified":"2017-08-29T09:54:05","modified_gmt":"2017-08-29T07:54:05","slug":"intellectual-and-industrial-property","status":"publish","type":"page","link":"https:\/\/www.kobika.es\/en\/intellectual-and-industrial-property\/","title":{"rendered":"Intellectual and industrial property"},"content":{"rendered":"<p>[vc_row][vc_column][vc_column_text]<\/p>\n<p style=\"padding-left: 30px; font-size: 13px;\"><em>Language: espa\u00f1ol.<\/em><\/p>\n<p>[\/vc_column_text][\/vc_column][\/vc_row][vc_row margin_top=&#8221;-25&#8243;][vc_column][vc_column_text]<\/p>\n<p style=\"padding-left: 30px;\">Todos los contenidos del sitio web, salvo que se indique lo contrario, son titularidad exclusiva del RESTAURANTE KOBIKA o de terceros que han autorizado su inclusi\u00f3n en el sitio web y, con car\u00e1cter enunciativo, que no limitativo, el dise\u00f1o gr\u00e1fico, logotipos, textos, gr\u00e1ficos, ilustraciones, fotograf\u00edas, y dem\u00e1s elementos que aparecen en el sitio web.<\/p>\n<p style=\"padding-left: 30px;\">Igualmente, todos los nombres comerciales, marcas o signos distintivos de cualquier clase contenidos en el sitio web est\u00e1n bajo la protecci\u00f3n de la licencia <a href=\"http:\/\/creativecommons.org\/licenses\/by-nc-sa\/4.0\/deed.es_ES\" target=\"_blank\" rel=\"noopener noreferrer\">Creative Commons: reconocimiento, no comercial, compartir igual 4.0 de Internacional<\/a>.<\/p>\n<p style=\"padding-left: 30px;\">RESTAURANTE KOBIKA concede al\/a la usuari@ la licencia o autorizaci\u00f3n de copiar, distribuir y comunicar p\u00fablicamente la obra bajo las siguientes condiciones:<\/p>\n<ul style=\"padding-left: 60px; margin-bottom: 30px;\">\n<li><strong>Reconocimiento:<\/strong> debes reconocer adecuadamente la autor\u00eda, proporcionar un enlace a la licencia e indicar si se han realizado cambios. Puedes hacerlo de cualquier manera razonable, pero no de una manera que sugiera que tienes el apoyo del licenciador o lo recibes por el uso que hace.<\/li>\n<li><strong>No comercial:<\/strong> no puedes utilizar el material para una finalidad comercial.<\/li>\n<li><strong>Compartir igual:<\/strong> si remezclas, transformas o creas a partir del material, deber\u00e1s difundir sus contribuciones bajo la misma licencia que el original.<\/li>\n<\/ul>\n<p style=\"padding-left: 30px;\"><a href=\"http:\/\/creativecommons.org\/licenses\/by-nc-sa\/4.0\/deed.es_ES\" target=\"_blank\" rel=\"noopener noreferrer\"><img loading=\"lazy\" class=\"alignnone size-full\" title=\"CC BY NC SA\" src=\"https:\/\/www.kobika.es\/wp-content\/uploads\/2016\/04\/cc-by-nc-sa-40-int-1.png\" alt=\"cc_by-nc-nd.eu\" width=\"100\" height=\"35\" \/><\/a><\/p>\n<p>[\/vc_column_text][\/vc_column][\/vc_row]<\/p>\n","protected":false},"excerpt":{"rendered":"<p>[vc_row][vc_column][vc_column_text] Language: espa\u00f1ol. [\/vc_column_text][\/vc_column][\/vc_row][vc_row margin_top=&#8221;-25&#8243;][vc_column][vc_column_text] Todos los contenidos del sitio web, salvo que se indique lo contrario, son titularidad exclusiva del RESTAURANTE KOBIKA o de terceros que han autorizado su inclusi\u00f3n en el sitio web y, con car\u00e1cter enunciativo, que no limitativo, el dise\u00f1o gr\u00e1fico, logotipos, textos, gr\u00e1ficos, ilustraciones, fotograf\u00edas, y dem\u00e1s elementos que aparecen [&hellip;]<\/p>\n","protected":false},"author":1,"featured_media":0,"parent":0,"menu_order":13,"comment_status":"closed","ping_status":"closed","template":"","meta":[],"yoast_head":"<!-- This site is optimized with the Yoast SEO plugin v18.2 - https:\/\/yoast.com\/wordpress\/plugins\/seo\/ -->\n<title>Propiedad intelectual e industrial | Restaurante Kobika<\/title>\n<meta name=\"description\" content=\"Restaurante Kobika concede al usuario la licencia o autorizaci\u00f3n de copiar, distribuir y comunicar p\u00fablicamente la obra bajo las condiciones: CC BY NC SA.\" \/>\n<meta name=\"robots\" content=\"index, follow, max-snippet:-1, max-image-preview:large, max-video-preview:-1\" \/>\n<link rel=\"canonical\" href=\"https:\/\/www.kobika.es\/en\/intellectual-and-industrial-property\/\" \/>\n<meta property=\"og:locale\" content=\"en_US\" \/>\n<meta property=\"og:type\" content=\"article\" \/>\n<meta property=\"og:title\" content=\"Propiedad intelectual e industrial | Restaurante Kobika\" \/>\n<meta property=\"og:description\" content=\"Restaurante Kobika concede al usuario la licencia o autorizaci\u00f3n de copiar, distribuir y comunicar p\u00fablicamente la obra bajo las condiciones: CC BY NC SA.\" \/>\n<meta property=\"og:url\" content=\"https:\/\/www.kobika.es\/en\/intellectual-and-industrial-property\/\" \/>\n<meta property=\"og:site_name\" content=\"Kobika Jatetxea\" \/>\n<meta property=\"article:modified_time\" content=\"2017-08-29T07:54:05+00:00\" \/>\n<meta property=\"og:image\" content=\"https:\/\/www.kobika.es\/wp-content\/uploads\/2016\/04\/cc-by-nc-sa-40-int-1.png\" \/>\n<meta name=\"twitter:card\" content=\"summary\" \/>\n<meta name=\"twitter:label1\" content=\"Est. reading time\" \/>\n\t<meta name=\"twitter:data1\" content=\"1 minute\" \/>\n<script type=\"application\/ld+json\" class=\"yoast-schema-graph\">{\"@context\":\"https:\/\/schema.org\",\"@graph\":[{\"@type\":\"WebSite\",\"@id\":\"https:\/\/www.kobika.es\/#website\",\"url\":\"https:\/\/www.kobika.es\/\",\"name\":\"Kobika Jatetxea\",\"description\":\"Otro sitio realizado con WordPress\",\"potentialAction\":[{\"@type\":\"SearchAction\",\"target\":{\"@type\":\"EntryPoint\",\"urlTemplate\":\"https:\/\/www.kobika.es\/?s={search_term_string}\"},\"query-input\":\"required name=search_term_string\"}],\"inLanguage\":\"en-US\"},{\"@type\":\"ImageObject\",\"@id\":\"https:\/\/www.kobika.es\/en\/intellectual-and-industrial-property\/#primaryimage\",\"inLanguage\":\"en-US\",\"url\":\"https:\/\/www.kobika.es\/wp-content\/uploads\/2016\/04\/cc-by-nc-sa-40-int-1.png\",\"contentUrl\":\"https:\/\/www.kobika.es\/wp-content\/uploads\/2016\/04\/cc-by-nc-sa-40-int-1.png\",\"width\":88,\"height\":31},{\"@type\":\"WebPage\",\"@id\":\"https:\/\/www.kobika.es\/en\/intellectual-and-industrial-property\/#webpage\",\"url\":\"https:\/\/www.kobika.es\/en\/intellectual-and-industrial-property\/\",\"name\":\"Propiedad intelectual e industrial | Restaurante Kobika\",\"isPartOf\":{\"@id\":\"https:\/\/www.kobika.es\/#website\"},\"primaryImageOfPage\":{\"@id\":\"https:\/\/www.kobika.es\/en\/intellectual-and-industrial-property\/#primaryimage\"},\"datePublished\":\"2016-04-28T13:10:36+00:00\",\"dateModified\":\"2017-08-29T07:54:05+00:00\",\"description\":\"Restaurante Kobika concede al usuario la licencia o autorizaci\u00f3n de copiar, distribuir y comunicar p\u00fablicamente la obra bajo las condiciones: CC BY NC SA.\",\"breadcrumb\":{\"@id\":\"https:\/\/www.kobika.es\/en\/intellectual-and-industrial-property\/#breadcrumb\"},\"inLanguage\":\"en-US\",\"potentialAction\":[{\"@type\":\"ReadAction\",\"target\":[\"https:\/\/www.kobika.es\/en\/intellectual-and-industrial-property\/\"]}]},{\"@type\":\"BreadcrumbList\",\"@id\":\"https:\/\/www.kobika.es\/en\/intellectual-and-industrial-property\/#breadcrumb\",\"itemListElement\":[{\"@type\":\"ListItem\",\"position\":1,\"name\":\"Portada\",\"item\":\"https:\/\/www.kobika.es\/en\/\"},{\"@type\":\"ListItem\",\"position\":2,\"name\":\"Intellectual and industrial property\"}]}]}<\/script>\n<!-- \/ Yoast SEO plugin. -->","yoast_head_json":{"title":"Propiedad intelectual e industrial | Restaurante Kobika","description":"Restaurante Kobika concede al usuario la licencia o autorizaci\u00f3n de copiar, distribuir y comunicar p\u00fablicamente la obra bajo las condiciones: CC BY NC SA.","robots":{"index":"index","follow":"follow","max-snippet":"max-snippet:-1","max-image-preview":"max-image-preview:large","max-video-preview":"max-video-preview:-1"},"canonical":"https:\/\/www.kobika.es\/en\/intellectual-and-industrial-property\/","og_locale":"en_US","og_type":"article","og_title":"Propiedad intelectual e industrial | Restaurante Kobika","og_description":"Restaurante Kobika concede al usuario la licencia o autorizaci\u00f3n de copiar, distribuir y comunicar p\u00fablicamente la obra bajo las condiciones: CC BY NC SA.","og_url":"https:\/\/www.kobika.es\/en\/intellectual-and-industrial-property\/","og_site_name":"Kobika Jatetxea","article_modified_time":"2017-08-29T07:54:05+00:00","og_image":[{"url":"https:\/\/www.kobika.es\/wp-content\/uploads\/2016\/04\/cc-by-nc-sa-40-int-1.png"}],"twitter_card":"summary","twitter_misc":{"Est. reading time":"1 minute"},"schema":{"@context":"https:\/\/schema.org","@graph":[{"@type":"WebSite","@id":"https:\/\/www.kobika.es\/#website","url":"https:\/\/www.kobika.es\/","name":"Kobika Jatetxea","description":"Otro sitio realizado con WordPress","potentialAction":[{"@type":"SearchAction","target":{"@type":"EntryPoint","urlTemplate":"https:\/\/www.kobika.es\/?s={search_term_string}"},"query-input":"required name=search_term_string"}],"inLanguage":"en-US"},{"@type":"ImageObject","@id":"https:\/\/www.kobika.es\/en\/intellectual-and-industrial-property\/#primaryimage","inLanguage":"en-US","url":"https:\/\/www.kobika.es\/wp-content\/uploads\/2016\/04\/cc-by-nc-sa-40-int-1.png","contentUrl":"https:\/\/www.kobika.es\/wp-content\/uploads\/2016\/04\/cc-by-nc-sa-40-int-1.png","width":88,"height":31},{"@type":"WebPage","@id":"https:\/\/www.kobika.es\/en\/intellectual-and-industrial-property\/#webpage","url":"https:\/\/www.kobika.es\/en\/intellectual-and-industrial-property\/","name":"Propiedad intelectual e industrial | Restaurante Kobika","isPartOf":{"@id":"https:\/\/www.kobika.es\/#website"},"primaryImageOfPage":{"@id":"https:\/\/www.kobika.es\/en\/intellectual-and-industrial-property\/#primaryimage"},"datePublished":"2016-04-28T13:10:36+00:00","dateModified":"2017-08-29T07:54:05+00:00","description":"Restaurante Kobika concede al usuario la licencia o autorizaci\u00f3n de copiar, distribuir y comunicar p\u00fablicamente la obra bajo las condiciones: CC BY NC SA.","breadcrumb":{"@id":"https:\/\/www.kobika.es\/en\/intellectual-and-industrial-property\/#breadcrumb"},"inLanguage":"en-US","potentialAction":[{"@type":"ReadAction","target":["https:\/\/www.kobika.es\/en\/intellectual-and-industrial-property\/"]}]},{"@type":"BreadcrumbList","@id":"https:\/\/www.kobika.es\/en\/intellectual-and-industrial-property\/#breadcrumb","itemListElement":[{"@type":"ListItem","position":1,"name":"Portada","item":"https:\/\/www.kobika.es\/en\/"},{"@type":"ListItem","position":2,"name":"Intellectual and industrial property"}]}]}},"_links":{"self":[{"href":"https:\/\/www.kobika.es\/en\/wp-json\/wp\/v2\/pages\/3495"}],"collection":[{"href":"https:\/\/www.kobika.es\/en\/wp-json\/wp\/v2\/pages"}],"about":[{"href":"https:\/\/www.kobika.es\/en\/wp-json\/wp\/v2\/types\/page"}],"author":[{"embeddable":true,"href":"https:\/\/www.kobika.es\/en\/wp-json\/wp\/v2\/users\/1"}],"replies":[{"embeddable":true,"href":"https:\/\/www.kobika.es\/en\/wp-json\/wp\/v2\/comments?post=3495"}],"version-history":[{"count":4,"href":"https:\/\/www.kobika.es\/en\/wp-json\/wp\/v2\/pages\/3495\/revisions"}],"predecessor-version":[{"id":3639,"href":"https:\/\/www.kobika.es\/en\/wp-json\/wp\/v2\/pages\/3495\/revisions\/3639"}],"wp:attachment":[{"href":"https:\/\/www.kobika.es\/en\/wp-json\/wp\/v2\/media?parent=3495"}],"curies":[{"name":"wp","href":"https:\/\/api.w.org\/{rel}","templated":true}]}}